{"id":29,"date":"2025-02-20T17:32:14","date_gmt":"2025-02-20T17:32:14","guid":{"rendered":"https:\/\/gapab.pt\/?page_id=29"},"modified":"2025-02-24T17:09:54","modified_gmt":"2025-02-24T17:09:54","slug":"historia","status":"publish","type":"page","link":"https:\/\/gapab.pt\/?page_id=29","title":{"rendered":"A Hist\u00f3ria"},"content":{"rendered":"\n<p>Em 11 de Setembro de 1949 um consider\u00e1vel grupo de algumas dezenas de amigos, na sua maioria forasteiros que costumavam passar f\u00e9rias na Praia da Branca, constatando o marasmo total da povoa\u00e7\u00e3o e ainda a falta de um local digno para conv\u00edvio e lazer, lan\u00e7aram as bases da constitui\u00e7\u00e3o de um Grupo que se passou a denominar \u201cAmigos da Praia da Areia Branca\u201d. Nesse mesmo dia foi nomeada por aclama\u00e7\u00e3o uma Comiss\u00e3o Diretiva, constitu\u00edda pelos seguintes not\u00e1veis:<\/p>\n\n\n\n<ul class=\"wp-block-list\">\n<li>Dr. Sotto Teixeira<\/li>\n\n\n\n<li>Prof. Lima Basto<\/li>\n\n\n\n<li>Pintor M\u00e1rio Costa<\/li>\n\n\n\n<li>Eng. Romeu Ca\u00e7orino<\/li>\n\n\n\n<li>Sr. Ant\u00f3nio Raimundo Gomes da Silva<\/li>\n\n\n\n<li>Dr. Alu\u00edsio Leal<\/li>\n\n\n\n<li>Sr. Lopo Lauer<\/li>\n\n\n\n<li>Sr. Ant\u00f3nio Pereira Pinheiro de Andrade<\/li>\n<\/ul>\n\n\n\n<p>Segundo carta dirigida \u00e0 C. M. da Lourinh\u00e3 em setembro de 1956 a principal finalidade do Grupo seria a de\u2026<\/p>\n\n\n\n<p>Prestar a sua colabora\u00e7\u00e3o nos empreendimentos que essa Exma. C\u00e2mara pretenda fazer no sentido de dotar esta Praia no que se refere \u00e0s suas necessidades mais urgentes, expor o que constitui as nossas mais instantes aspira\u00e7\u00f5es e concumitantemente concorrer, dum modo geral, para a valoriza\u00e7\u00e3o do concelho da Lourinh\u00e3.<\/p>\n\n\n\n<p>Seriam ainda tarefas mais prementes da referida Comiss\u00e3o Diretiva n\u00e3o s\u00f3 a formaliza\u00e7\u00e3o legal do Grupo enquanto que Associa\u00e7\u00e3o, como tamb\u00e9m a constru\u00e7\u00e3o de um edif\u00edcio-sede.<\/p>\n\n\n\n<p>Ap\u00f3s um longu\u00edssimo trabalho de organiza\u00e7\u00e3o e coordena\u00e7\u00e3o, foi lavrada em 1955, no Cart\u00f3rio Notarial de Sobral do Monte Agra\u00e7o, a escritura de funda\u00e7\u00e3o de uma associa\u00e7\u00e3o denominada \u201cGrupo Dos Amigos da Praia da Areia Branca, escritura essa subscrita por 33 s\u00f3cios fundadores.<\/p>\n\n\n\n<p>Os estatutos ent\u00e3o aprovados eram bastante sum\u00e1rios, estabelecendo o seu art. 1 ser objetivo da Associa\u00e7\u00e3o pugnar pelo progresso e desenvolvimento, designadamente sob o aspeto urban\u00edstico e tur\u00edstico, da Praia da Areia Branca, bem como para benef\u00edcio dos seus habitantes, <strong>atuando sempre de acordo e em colabora\u00e7\u00e3o com as autarquias locais<\/strong>.<\/p>\n\n\n\n<p>Foi ent\u00e3o nomeada uma Comiss\u00e3o Administrativa (interina at\u00e9 \u00e0 primeira elei\u00e7\u00e3o da Dire\u00e7\u00e3o), presidida pelo Dr. Sotto Teixeira. A esta Associa\u00e7\u00e3o foi ainda dada for\u00e7a legal pelo alvar\u00e1 n\u00ba 21 emitido pelo Governo Civil de Lisboa em 10 de Abril de 1955.<\/p>\n\n\n\n<p>J\u00e1 no que diz respeito \u00e0 constru\u00e7\u00e3o do edif\u00edcio-sede, ter\u00e3o sido imensas as dificuldades burocr\u00e1ticas a vencer. Apesar de o terreno ter sido oferecido pelo s\u00f3cio fundador n\u00ba 15, Joaquim Henriques Horta de Almeida, a pr\u00f3pria C\u00e2mara Municipal da Lourinh\u00e3 formalmente assume, referindo-se ao assunto em Ata de reuni\u00e3o ordin\u00e1ria no dia 1 de Agosto de 1956, que \u201chouve de se venceremv\u00e1rias dificuldades, por virtude de n\u00e3o se encontrar bem definida e esclarecida a posse do terreno onde se pretendia construir aquele edif\u00edcio\u201d.<\/p>\n\n\n\n<p>Tudo indica que ter\u00e1 sido determinante o empenho do Presidente da Comiss\u00e3o Administrativa Interina, Dr. Sotto Teixeira, pelo que as obras de terraplanagem e constru\u00e7\u00e3o do edif\u00edcio, sob projecto do Arq. Luc\u00ednio Cruz, ter-se-\u00e3o iniciado no Ver\u00e3o de 1956.<\/p>\n\n\n\n<p>Muito surpreendentemente, a inaugura\u00e7\u00e3o do mesmo ocorreu apenas um ano depois, tendo sido formalmente inaugurado em 6 de Julho de 1957.<\/p>\n\n\n\n<p>Note-se que toda a constru\u00e7\u00e3o e apetrechamento do edif\u00edcio VIGIA foram total e desinteressadamente custeados pelos s\u00f3cios fundadores.<\/p>\n\n\n\n<p>Em 27 de Setembro de 1991 foi reconhecido ao GAPAB o estatuto de <strong>Pessoa Coletiva de Utilidade P\u00fablica<\/strong>, segundo diploma assinado pelo Primeiro Ministro de ent\u00e3o, Prof. An\u00edbal Cavaco Silva.<\/p>\n","protected":false},"excerpt":{"rendered":"<p>Em 11 de Setembro de 1949 um consider\u00e1vel grupo de algumas dezenas de amigos, na sua maioria forasteiros que costumavam passar f\u00e9rias na Praia da Branca, constatando o marasmo total da povoa\u00e7\u00e3o e ainda a falta de um local digno para conv\u00edvio e lazer, lan\u00e7aram as bases da constitui\u00e7\u00e3o de um Grupo que se passou &hellip; <\/p>\n<p class=\"link-more\"><a href=\"https:\/\/gapab.pt\/?page_id=29\" class=\"more-link\">Continuar a ler <span class=\"screen-reader-text\">&#8220;A Hist\u00f3ria&#8221;<\/span><\/a><\/p>\n","protected":false},"author":1,"featured_media":68,"parent":0,"menu_order":0,"comment_status":"closed","ping_status":"closed","template":"","meta":{"footnotes":""},"class_list":["post-29","page","type-page","status-publish","has-post-thumbnail","hentry"],"yoast_head":"<!-- This site is optimized with the Yoast SEO plugin v24.5 - https:\/\/yoast.com\/wordpress\/plugins\/seo\/ -->\n<title>A Hist\u00f3ria - Gapab - Vigia<\/title>\n<meta name=\"robots\" content=\"index, follow, max-snippet:-1, max-image-preview:large, max-video-preview:-1\" \/>\n<link rel=\"canonical\" href=\"https:\/\/gapab.pt\/?page_id=29\" \/>\n<meta property=\"og:locale\" content=\"pt_PT\" \/>\n<meta property=\"og:type\" content=\"article\" \/>\n<meta property=\"og:title\" content=\"A Hist\u00f3ria - Gapab - Vigia\" \/>\n<meta property=\"og:description\" content=\"Em 11 de Setembro de 1949 um consider\u00e1vel grupo de algumas dezenas de amigos, na sua maioria forasteiros que costumavam passar f\u00e9rias na Praia da Branca, constatando o marasmo total da povoa\u00e7\u00e3o e ainda a falta de um local digno para conv\u00edvio e lazer, lan\u00e7aram as bases da constitui\u00e7\u00e3o de um Grupo que se passou &hellip; Continuar a ler &quot;A Hist\u00f3ria&quot;\" \/>\n<meta property=\"og:url\" content=\"https:\/\/gapab.pt\/?page_id=29\" \/>\n<meta property=\"og:site_name\" content=\"Gapab - Vigia\" \/>\n<meta property=\"article:modified_time\" content=\"2025-02-24T17:09:54+00:00\" \/>\n<meta property=\"og:image\" content=\"https:\/\/gapab.pt\/wp-content\/uploads\/2025\/02\/vigia2.png\" \/>\n\t<meta property=\"og:image:width\" content=\"2000\" \/>\n\t<meta property=\"og:image:height\" content=\"1200\" \/>\n\t<meta property=\"og:image:type\" content=\"image\/png\" \/>\n<meta name=\"twitter:card\" content=\"summary_large_image\" \/>\n<meta name=\"twitter:label1\" content=\"Tempo estimado de leitura\" \/>\n\t<meta name=\"twitter:data1\" content=\"4 minutos\" \/>\n<script type=\"application\/ld+json\" class=\"yoast-schema-graph\">{\"@context\":\"https:\/\/schema.org\",\"@graph\":[{\"@type\":\"WebPage\",\"@id\":\"https:\/\/gapab.pt\/?page_id=29\",\"url\":\"https:\/\/gapab.pt\/?page_id=29\",\"name\":\"A Hist\u00f3ria - Gapab - Vigia\",\"isPartOf\":{\"@id\":\"https:\/\/gapab.pt\/#website\"},\"primaryImageOfPage\":{\"@id\":\"https:\/\/gapab.pt\/?page_id=29#primaryimage\"},\"image\":{\"@id\":\"https:\/\/gapab.pt\/?page_id=29#primaryimage\"},\"thumbnailUrl\":\"https:\/\/gapab.pt\/wp-content\/uploads\/2025\/02\/vigia2.png\",\"datePublished\":\"2025-02-20T17:32:14+00:00\",\"dateModified\":\"2025-02-24T17:09:54+00:00\",\"breadcrumb\":{\"@id\":\"https:\/\/gapab.pt\/?page_id=29#breadcrumb\"},\"inLanguage\":\"pt-PT\",\"potentialAction\":[{\"@type\":\"ReadAction\",\"target\":[\"https:\/\/gapab.pt\/?page_id=29\"]}]},{\"@type\":\"ImageObject\",\"inLanguage\":\"pt-PT\",\"@id\":\"https:\/\/gapab.pt\/?page_id=29#primaryimage\",\"url\":\"https:\/\/gapab.pt\/wp-content\/uploads\/2025\/02\/vigia2.png\",\"contentUrl\":\"https:\/\/gapab.pt\/wp-content\/uploads\/2025\/02\/vigia2.png\",\"width\":2000,\"height\":1200},{\"@type\":\"BreadcrumbList\",\"@id\":\"https:\/\/gapab.pt\/?page_id=29#breadcrumb\",\"itemListElement\":[{\"@type\":\"ListItem\",\"position\":1,\"name\":\"In\u00edcio\",\"item\":\"https:\/\/gapab.pt\/\"},{\"@type\":\"ListItem\",\"position\":2,\"name\":\"A Hist\u00f3ria\"}]},{\"@type\":\"WebSite\",\"@id\":\"https:\/\/gapab.pt\/#website\",\"url\":\"https:\/\/gapab.pt\/\",\"name\":\"Gapab - Vigia\",\"description\":\"\",\"publisher\":{\"@id\":\"https:\/\/gapab.pt\/#organization\"},\"potentialAction\":[{\"@type\":\"SearchAction\",\"target\":{\"@type\":\"EntryPoint\",\"urlTemplate\":\"https:\/\/gapab.pt\/?s={search_term_string}\"},\"query-input\":{\"@type\":\"PropertyValueSpecification\",\"valueRequired\":true,\"valueName\":\"search_term_string\"}}],\"inLanguage\":\"pt-PT\"},{\"@type\":\"Organization\",\"@id\":\"https:\/\/gapab.pt\/#organization\",\"name\":\"Gapab - Vigia\",\"url\":\"https:\/\/gapab.pt\/\",\"logo\":{\"@type\":\"ImageObject\",\"inLanguage\":\"pt-PT\",\"@id\":\"https:\/\/gapab.pt\/#\/schema\/logo\/image\/\",\"url\":\"https:\/\/gapab.pt\/wp-content\/uploads\/2025\/02\/cropped-vigialogo.png\",\"contentUrl\":\"https:\/\/gapab.pt\/wp-content\/uploads\/2025\/02\/cropped-vigialogo.png\",\"width\":375,\"height\":250,\"caption\":\"Gapab - Vigia\"},\"image\":{\"@id\":\"https:\/\/gapab.pt\/#\/schema\/logo\/image\/\"}}]}<\/script>\n<!-- \/ Yoast SEO plugin. -->","yoast_head_json":{"title":"A Hist\u00f3ria - Gapab - Vigia","robots":{"index":"index","follow":"follow","max-snippet":"max-snippet:-1","max-image-preview":"max-image-preview:large","max-video-preview":"max-video-preview:-1"},"canonical":"https:\/\/gapab.pt\/?page_id=29","og_locale":"pt_PT","og_type":"article","og_title":"A Hist\u00f3ria - Gapab - Vigia","og_description":"Em 11 de Setembro de 1949 um consider\u00e1vel grupo de algumas dezenas de amigos, na sua maioria forasteiros que costumavam passar f\u00e9rias na Praia da Branca, constatando o marasmo total da povoa\u00e7\u00e3o e ainda a falta de um local digno para conv\u00edvio e lazer, lan\u00e7aram as bases da constitui\u00e7\u00e3o de um Grupo que se passou &hellip; Continuar a ler \"A Hist\u00f3ria\"","og_url":"https:\/\/gapab.pt\/?page_id=29","og_site_name":"Gapab - Vigia","article_modified_time":"2025-02-24T17:09:54+00:00","og_image":[{"width":2000,"height":1200,"url":"https:\/\/gapab.pt\/wp-content\/uploads\/2025\/02\/vigia2.png","type":"image\/png"}],"twitter_card":"summary_large_image","twitter_misc":{"Tempo estimado de leitura":"4 minutos"},"schema":{"@context":"https:\/\/schema.org","@graph":[{"@type":"WebPage","@id":"https:\/\/gapab.pt\/?page_id=29","url":"https:\/\/gapab.pt\/?page_id=29","name":"A Hist\u00f3ria - Gapab - Vigia","isPartOf":{"@id":"https:\/\/gapab.pt\/#website"},"primaryImageOfPage":{"@id":"https:\/\/gapab.pt\/?page_id=29#primaryimage"},"image":{"@id":"https:\/\/gapab.pt\/?page_id=29#primaryimage"},"thumbnailUrl":"https:\/\/gapab.pt\/wp-content\/uploads\/2025\/02\/vigia2.png","datePublished":"2025-02-20T17:32:14+00:00","dateModified":"2025-02-24T17:09:54+00:00","breadcrumb":{"@id":"https:\/\/gapab.pt\/?page_id=29#breadcrumb"},"inLanguage":"pt-PT","potentialAction":[{"@type":"ReadAction","target":["https:\/\/gapab.pt\/?page_id=29"]}]},{"@type":"ImageObject","inLanguage":"pt-PT","@id":"https:\/\/gapab.pt\/?page_id=29#primaryimage","url":"https:\/\/gapab.pt\/wp-content\/uploads\/2025\/02\/vigia2.png","contentUrl":"https:\/\/gapab.pt\/wp-content\/uploads\/2025\/02\/vigia2.png","width":2000,"height":1200},{"@type":"BreadcrumbList","@id":"https:\/\/gapab.pt\/?page_id=29#breadcrumb","itemListElement":[{"@type":"ListItem","position":1,"name":"In\u00edcio","item":"https:\/\/gapab.pt\/"},{"@type":"ListItem","position":2,"name":"A Hist\u00f3ria"}]},{"@type":"WebSite","@id":"https:\/\/gapab.pt\/#website","url":"https:\/\/gapab.pt\/","name":"Gapab - Vigia","description":"","publisher":{"@id":"https:\/\/gapab.pt\/#organization"},"potentialAction":[{"@type":"SearchAction","target":{"@type":"EntryPoint","urlTemplate":"https:\/\/gapab.pt\/?s={search_term_string}"},"query-input":{"@type":"PropertyValueSpecification","valueRequired":true,"valueName":"search_term_string"}}],"inLanguage":"pt-PT"},{"@type":"Organization","@id":"https:\/\/gapab.pt\/#organization","name":"Gapab - Vigia","url":"https:\/\/gapab.pt\/","logo":{"@type":"ImageObject","inLanguage":"pt-PT","@id":"https:\/\/gapab.pt\/#\/schema\/logo\/image\/","url":"https:\/\/gapab.pt\/wp-content\/uploads\/2025\/02\/cropped-vigialogo.png","contentUrl":"https:\/\/gapab.pt\/wp-content\/uploads\/2025\/02\/cropped-vigialogo.png","width":375,"height":250,"caption":"Gapab - Vigia"},"image":{"@id":"https:\/\/gapab.pt\/#\/schema\/logo\/image\/"}}]}},"_links":{"self":[{"href":"https:\/\/gapab.pt\/index.php?rest_route=\/wp\/v2\/pages\/29","targetHints":{"allow":["GET"]}}],"collection":[{"href":"https:\/\/gapab.pt\/index.php?rest_route=\/wp\/v2\/pages"}],"about":[{"href":"https:\/\/gapab.pt\/index.php?rest_route=\/wp\/v2\/types\/page"}],"author":[{"embeddable":true,"href":"https:\/\/gapab.pt\/index.php?rest_route=\/wp\/v2\/users\/1"}],"replies":[{"embeddable":true,"href":"https:\/\/gapab.pt\/index.php?rest_route=%2Fwp%2Fv2%2Fcomments&post=29"}],"version-history":[{"count":2,"href":"https:\/\/gapab.pt\/index.php?rest_route=\/wp\/v2\/pages\/29\/revisions"}],"predecessor-version":[{"id":43,"href":"https:\/\/gapab.pt\/index.php?rest_route=\/wp\/v2\/pages\/29\/revisions\/43"}],"wp:featuredmedia":[{"embeddable":true,"href":"https:\/\/gapab.pt\/index.php?rest_route=\/wp\/v2\/media\/68"}],"wp:attachment":[{"href":"https:\/\/gapab.pt\/index.php?rest_route=%2Fwp%2Fv2%2Fmedia&parent=29"}],"curies":[{"name":"wp","href":"https:\/\/api.w.org\/{rel}","templated":true}]}}