{"id":37,"date":"2025-02-24T16:09:18","date_gmt":"2025-02-24T16:09:18","guid":{"rendered":"https:\/\/gapab.pt\/?page_id=37"},"modified":"2025-02-24T16:09:18","modified_gmt":"2025-02-24T16:09:18","slug":"a-gapab","status":"publish","type":"page","link":"https:\/\/gapab.pt\/","title":{"rendered":"A GAPAB"},"content":{"rendered":"\n<p>A Associa\u00e7\u00e3o denominada \u201cGrupo de Amigos da Praia da Areia Branca\u201d, tamb\u00e9m designada por G.A.P.A.B., \u00e9 uma Pessoa Coletiva de Utilidade P\u00fablica sem fins lucrativos.<br>A GAPAB, visa essencialmente o progresso e o desenvolvimento da Praia da Areia Branca designadamente sob os aspetos urban\u00edstico, ambiental, tur\u00edstico e social, por forma a que Praia possa constituir permanente local de bem-estar para os seus residentes e veraneantes.<\/p>\n","protected":false},"excerpt":{"rendered":"<p>A Associa\u00e7\u00e3o denominada \u201cGrupo de Amigos da Praia da Areia Branca\u201d, tamb\u00e9m designada por G.A.P.A.B., \u00e9 uma Pessoa Coletiva de Utilidade P\u00fablica sem fins lucrativos.A GAPAB, visa essencialmente o progresso e o desenvolvimento da Praia da Areia Branca designadamente sob os aspetos urban\u00edstico, ambiental, tur\u00edstico e social, por forma a que Praia possa constituir permanente &hellip; <\/p>\n<p class=\"link-more\"><a href=\"https:\/\/gapab.pt\/\" class=\"more-link\">Continuar a ler <span class=\"screen-reader-text\">&#8220;A GAPAB&#8221;<\/span><\/a><\/p>\n","protected":false},"author":1,"featured_media":0,"parent":0,"menu_order":0,"comment_status":"closed","ping_status":"closed","template":"","meta":{"footnotes":""},"class_list":["post-37","page","type-page","status-publish","hentry"],"yoast_head":"<!-- This site is optimized with the Yoast SEO plugin v24.5 - https:\/\/yoast.com\/wordpress\/plugins\/seo\/ -->\n<title>A GAPAB - Gapab - Vigia<\/title>\n<meta name=\"robots\" content=\"index, follow, max-snippet:-1, max-image-preview:large, max-video-preview:-1\" \/>\n<link rel=\"canonical\" href=\"https:\/\/gapab.pt\/\" \/>\n<meta property=\"og:locale\" content=\"pt_PT\" \/>\n<meta property=\"og:type\" content=\"article\" \/>\n<meta property=\"og:title\" content=\"A GAPAB - Gapab - Vigia\" \/>\n<meta property=\"og:description\" content=\"A Associa\u00e7\u00e3o denominada \u201cGrupo de Amigos da Praia da Areia Branca\u201d, tamb\u00e9m designada por G.A.P.A.B., \u00e9 uma Pessoa Coletiva de Utilidade P\u00fablica sem fins lucrativos.A GAPAB, visa essencialmente o progresso e o desenvolvimento da Praia da Areia Branca designadamente sob os aspetos urban\u00edstico, ambiental, tur\u00edstico e social, por forma a que Praia possa constituir permanente &hellip; Continuar a ler &quot;A GAPAB&quot;\" \/>\n<meta property=\"og:url\" content=\"https:\/\/gapab.pt\/\" \/>\n<meta property=\"og:site_name\" content=\"Gapab - Vigia\" \/>\n<meta name=\"twitter:card\" content=\"summary_large_image\" \/>\n<meta name=\"twitter:label1\" content=\"Tempo estimado de leitura\" \/>\n\t<meta name=\"twitter:data1\" content=\"1 minuto\" \/>\n<script type=\"application\/ld+json\" class=\"yoast-schema-graph\">{\"@context\":\"https:\/\/schema.org\",\"@graph\":[{\"@type\":\"WebPage\",\"@id\":\"https:\/\/gapab.pt\/\",\"url\":\"https:\/\/gapab.pt\/\",\"name\":\"A GAPAB - Gapab - Vigia\",\"isPartOf\":{\"@id\":\"https:\/\/gapab.pt\/#website\"},\"datePublished\":\"2025-02-24T16:09:18+00:00\",\"breadcrumb\":{\"@id\":\"https:\/\/gapab.pt\/#breadcrumb\"},\"inLanguage\":\"pt-PT\",\"potentialAction\":[{\"@type\":\"ReadAction\",\"target\":[\"https:\/\/gapab.pt\/\"]}]},{\"@type\":\"BreadcrumbList\",\"@id\":\"https:\/\/gapab.pt\/#breadcrumb\",\"itemListElement\":[{\"@type\":\"ListItem\",\"position\":1,\"name\":\"In\u00edcio\",\"item\":\"https:\/\/gapab.pt\/\"},{\"@type\":\"ListItem\",\"position\":2,\"name\":\"A GAPAB\"}]},{\"@type\":\"WebSite\",\"@id\":\"https:\/\/gapab.pt\/#website\",\"url\":\"https:\/\/gapab.pt\/\",\"name\":\"Gapab - Vigia\",\"description\":\"\",\"publisher\":{\"@id\":\"https:\/\/gapab.pt\/#organization\"},\"potentialAction\":[{\"@type\":\"SearchAction\",\"target\":{\"@type\":\"EntryPoint\",\"urlTemplate\":\"https:\/\/gapab.pt\/?s={search_term_string}\"},\"query-input\":{\"@type\":\"PropertyValueSpecification\",\"valueRequired\":true,\"valueName\":\"search_term_string\"}}],\"inLanguage\":\"pt-PT\"},{\"@type\":\"Organization\",\"@id\":\"https:\/\/gapab.pt\/#organization\",\"name\":\"Gapab - Vigia\",\"url\":\"https:\/\/gapab.pt\/\",\"logo\":{\"@type\":\"ImageObject\",\"inLanguage\":\"pt-PT\",\"@id\":\"https:\/\/gapab.pt\/#\/schema\/logo\/image\/\",\"url\":\"https:\/\/gapab.pt\/wp-content\/uploads\/2025\/02\/cropped-vigialogo.png\",\"contentUrl\":\"https:\/\/gapab.pt\/wp-content\/uploads\/2025\/02\/cropped-vigialogo.png\",\"width\":375,\"height\":250,\"caption\":\"Gapab - Vigia\"},\"image\":{\"@id\":\"https:\/\/gapab.pt\/#\/schema\/logo\/image\/\"}}]}<\/script>\n<!-- \/ Yoast SEO plugin. -->","yoast_head_json":{"title":"A GAPAB - Gapab - Vigia","robots":{"index":"index","follow":"follow","max-snippet":"max-snippet:-1","max-image-preview":"max-image-preview:large","max-video-preview":"max-video-preview:-1"},"canonical":"https:\/\/gapab.pt\/","og_locale":"pt_PT","og_type":"article","og_title":"A GAPAB - Gapab - Vigia","og_description":"A Associa\u00e7\u00e3o denominada \u201cGrupo de Amigos da Praia da Areia Branca\u201d, tamb\u00e9m designada por G.A.P.A.B., \u00e9 uma Pessoa Coletiva de Utilidade P\u00fablica sem fins lucrativos.A GAPAB, visa essencialmente o progresso e o desenvolvimento da Praia da Areia Branca designadamente sob os aspetos urban\u00edstico, ambiental, tur\u00edstico e social, por forma a que Praia possa constituir permanente &hellip; Continuar a ler \"A GAPAB\"","og_url":"https:\/\/gapab.pt\/","og_site_name":"Gapab - Vigia","twitter_card":"summary_large_image","twitter_misc":{"Tempo estimado de leitura":"1 minuto"},"schema":{"@context":"https:\/\/schema.org","@graph":[{"@type":"WebPage","@id":"https:\/\/gapab.pt\/","url":"https:\/\/gapab.pt\/","name":"A GAPAB - Gapab - Vigia","isPartOf":{"@id":"https:\/\/gapab.pt\/#website"},"datePublished":"2025-02-24T16:09:18+00:00","breadcrumb":{"@id":"https:\/\/gapab.pt\/#breadcrumb"},"inLanguage":"pt-PT","potentialAction":[{"@type":"ReadAction","target":["https:\/\/gapab.pt\/"]}]},{"@type":"BreadcrumbList","@id":"https:\/\/gapab.pt\/#breadcrumb","itemListElement":[{"@type":"ListItem","position":1,"name":"In\u00edcio","item":"https:\/\/gapab.pt\/"},{"@type":"ListItem","position":2,"name":"A GAPAB"}]},{"@type":"WebSite","@id":"https:\/\/gapab.pt\/#website","url":"https:\/\/gapab.pt\/","name":"Gapab - Vigia","description":"","publisher":{"@id":"https:\/\/gapab.pt\/#organization"},"potentialAction":[{"@type":"SearchAction","target":{"@type":"EntryPoint","urlTemplate":"https:\/\/gapab.pt\/?s={search_term_string}"},"query-input":{"@type":"PropertyValueSpecification","valueRequired":true,"valueName":"search_term_string"}}],"inLanguage":"pt-PT"},{"@type":"Organization","@id":"https:\/\/gapab.pt\/#organization","name":"Gapab - Vigia","url":"https:\/\/gapab.pt\/","logo":{"@type":"ImageObject","inLanguage":"pt-PT","@id":"https:\/\/gapab.pt\/#\/schema\/logo\/image\/","url":"https:\/\/gapab.pt\/wp-content\/uploads\/2025\/02\/cropped-vigialogo.png","contentUrl":"https:\/\/gapab.pt\/wp-content\/uploads\/2025\/02\/cropped-vigialogo.png","width":375,"height":250,"caption":"Gapab - Vigia"},"image":{"@id":"https:\/\/gapab.pt\/#\/schema\/logo\/image\/"}}]}},"_links":{"self":[{"href":"https:\/\/gapab.pt\/index.php?rest_route=\/wp\/v2\/pages\/37","targetHints":{"allow":["GET"]}}],"collection":[{"href":"https:\/\/gapab.pt\/index.php?rest_route=\/wp\/v2\/pages"}],"about":[{"href":"https:\/\/gapab.pt\/index.php?rest_route=\/wp\/v2\/types\/page"}],"author":[{"embeddable":true,"href":"https:\/\/gapab.pt\/index.php?rest_route=\/wp\/v2\/users\/1"}],"replies":[{"embeddable":true,"href":"https:\/\/gapab.pt\/index.php?rest_route=%2Fwp%2Fv2%2Fcomments&post=37"}],"version-history":[{"count":2,"href":"https:\/\/gapab.pt\/index.php?rest_route=\/wp\/v2\/pages\/37\/revisions"}],"predecessor-version":[{"id":78,"href":"https:\/\/gapab.pt\/index.php?rest_route=\/wp\/v2\/pages\/37\/revisions\/78"}],"wp:attachment":[{"href":"https:\/\/gapab.pt\/index.php?rest_route=%2Fwp%2Fv2%2Fmedia&parent=37"}],"curies":[{"name":"wp","href":"https:\/\/api.w.org\/{rel}","templated":true}]}}